{"id":1488,"date":"2019-11-04T14:23:31","date_gmt":"2019-11-04T13:23:31","guid":{"rendered":"http:\/\/bbmed.it\/?page_id=1488"},"modified":"2021-04-26T16:53:09","modified_gmt":"2021-04-26T15:53:09","slug":"biodiversita","status":"publish","type":"page","link":"https:\/\/bbmed.it\/it\/biodiversita\/","title":{"rendered":"Biodiversit\u00e0"},"content":{"rendered":"<div class=\"fusion-fullwidth fullwidth-box fusion-builder-row-1 nonhundred-percent-fullwidth non-hundred-percent-height-scrolling\" style=\"--awb-border-radius-top-left:0px;--awb-border-radius-top-right:0px;--awb-border-radius-bottom-right:0px;--awb-border-radius-bottom-left:0px;--awb-flex-wrap:wrap;\" ><div class=\"fusion-builder-row fusion-row\"><div class=\"fusion-layout-column fusion_builder_column fusion-builder-column-0 fusion_builder_column_1_1 1_1 fusion-one-full fusion-column-first fusion-column-last\" style=\"--awb-bg-size:cover;\"><div class=\"fusion-column-wrapper fusion-column-has-shadow fusion-flex-column-wrapper-legacy\"><div class=\"fusion-text fusion-text-1\"><p>La<em> <strong>Biodiversit\u00e0<\/strong><\/em> \u00e8 la variet\u00e0 delle forme di vita (piante, animali, microrganismi ed ecosistemi di cui sono parte) della nostra Terra, frutto di lunghi e complessi processi evolutivi.<\/p>\n<p>La tutela e la conservazione della biodiversit\u00e0 non \u00e8 un lusso, bens\u00ec \u00e8 un\u2019esigenza imprescindibile a garanzia del nostro futuro.<\/p>\n<p>La Biobanca del Mediterraneo opera per la salvaguardia delle specie a rischio di estinzione attraverso la <em>crioconservazione<\/em> delle risorse genetiche, per garantire la variabilit\u00e0 genetica a supporto della ricerca scientifica.<\/p>\n<\/div><div class=\"awb-gallery-wrapper awb-gallery-wrapper-1 button-span-no\"><div style=\"margin:-5px;--awb-bordersize:0px;\" class=\"fusion-gallery fusion-gallery-container fusion-grid-4 fusion-columns-total-4 fusion-gallery-layout-masonry fusion-gallery-1\"><div class=\"fusion-grid-column fusion-gallery-column fusion-gallery-column-4 fusion-grid-sizer\"><\/div><div style=\"padding:5px;\" class=\"fusion-grid-column fusion-gallery-column fusion-gallery-column-4 fusion-element-grid\"><div class=\"fusion-gallery-image fusion-gallery-image-liftup\"><a href=\"https:\/\/bbmed.it\/wp-content\/uploads\/2019\/11\/tarta-neonata.jpg\" rel=\"noreferrer\" data-rel=\"iLightbox[gallery_image_1]\" class=\"fusion-lightbox\" target=\"_blank\"><div style=\"background-image:url(https:\/\/bbmed.it\/wp-content\/uploads\/2019\/11\/tarta-neonata.jpg);padding-top:calc((100% + 10px) * 0.8 - 5px);background-position:;\" class=\"fusion-masonry-element-container\"><img decoding=\"async\" src=\"https:\/\/bbmed.it\/wp-content\/uploads\/2019\/11\/tarta-neonata.jpg\" width=\"563\" height=\"543\" alt=\"\" title=\"tarta neonata\" aria-label=\"tarta neonata\" class=\"img-responsive wp-image-1494\" srcset=\"https:\/\/bbmed.it\/wp-content\/uploads\/2019\/11\/tarta-neonata-200x193.jpg 200w, https:\/\/bbmed.it\/wp-content\/uploads\/2019\/11\/tarta-neonata-400x386.jpg 400w, https:\/\/bbmed.it\/wp-content\/uploads\/2019\/11\/tarta-neonata.jpg 563w\" sizes=\"(min-width: 2200px) 100vw, (min-width: 976px) 289px, (min-width: 864px) 385px, (min-width: 752px) 578px, (min-width: 640px) 752px, \" \/><\/div><\/a><\/div><\/div><div style=\"padding:5px;\" class=\"fusion-grid-column fusion-gallery-column fusion-gallery-column-4 fusion-element-grid\"><div class=\"fusion-gallery-image fusion-gallery-image-liftup\"><a href=\"https:\/\/bbmed.it\/wp-content\/uploads\/2019\/11\/Coturnice.png\" rel=\"noreferrer\" data-rel=\"iLightbox[gallery_image_1]\" class=\"fusion-lightbox\" target=\"_blank\"><div style=\"background-image:url(https:\/\/bbmed.it\/wp-content\/uploads\/2019\/11\/Coturnice.png);padding-top:calc((100% + 10px) * 0.8 - 5px);background-position:;\" class=\"fusion-masonry-element-container\"><img decoding=\"async\" src=\"https:\/\/bbmed.it\/wp-content\/uploads\/2019\/11\/Coturnice.png\" width=\"1461\" height=\"1106\" alt=\"\" title=\"Coturnice\" aria-label=\"Coturnice\" class=\"img-responsive wp-image-1492\" srcset=\"https:\/\/bbmed.it\/wp-content\/uploads\/2019\/11\/Coturnice-200x151.png 200w, https:\/\/bbmed.it\/wp-content\/uploads\/2019\/11\/Coturnice-400x303.png 400w, https:\/\/bbmed.it\/wp-content\/uploads\/2019\/11\/Coturnice-600x454.png 600w, https:\/\/bbmed.it\/wp-content\/uploads\/2019\/11\/Coturnice-800x606.png 800w, https:\/\/bbmed.it\/wp-content\/uploads\/2019\/11\/Coturnice-1200x908.png 1200w, https:\/\/bbmed.it\/wp-content\/uploads\/2019\/11\/Coturnice.png 1461w\" sizes=\"(min-width: 2200px) 100vw, (min-width: 976px) 289px, (min-width: 864px) 385px, (min-width: 752px) 578px, (min-width: 640px) 752px, \" \/><\/div><\/a><\/div><\/div><div style=\"padding:5px;\" class=\"fusion-grid-column fusion-gallery-column fusion-gallery-column-4 fusion-element-grid\"><div class=\"fusion-gallery-image fusion-gallery-image-liftup\"><a href=\"https:\/\/bbmed.it\/wp-content\/uploads\/2019\/11\/Cirnechi.jpg\" rel=\"noreferrer\" data-rel=\"iLightbox[gallery_image_1]\" class=\"fusion-lightbox\" target=\"_blank\"><div style=\"background-image:url(https:\/\/bbmed.it\/wp-content\/uploads\/2019\/11\/Cirnechi.jpg);padding-top:calc((100% + 10px) * 0.8 - 5px);background-position:;\" class=\"fusion-masonry-element-container\"><img decoding=\"async\" src=\"https:\/\/bbmed.it\/wp-content\/uploads\/2019\/11\/Cirnechi.jpg\" width=\"750\" height=\"743\" alt=\"\" title=\"Cirnechi\" aria-label=\"Cirnechi\" class=\"img-responsive wp-image-1490\" srcset=\"https:\/\/bbmed.it\/wp-content\/uploads\/2019\/11\/Cirnechi-200x198.jpg 200w, https:\/\/bbmed.it\/wp-content\/uploads\/2019\/11\/Cirnechi-400x396.jpg 400w, https:\/\/bbmed.it\/wp-content\/uploads\/2019\/11\/Cirnechi-600x594.jpg 600w, https:\/\/bbmed.it\/wp-content\/uploads\/2019\/11\/Cirnechi.jpg 750w\" sizes=\"(min-width: 2200px) 100vw, (min-width: 976px) 289px, (min-width: 864px) 385px, (min-width: 752px) 578px, (min-width: 640px) 752px, \" \/><\/div><\/a><\/div><\/div><div style=\"padding:5px;\" class=\"fusion-grid-column fusion-gallery-column fusion-gallery-column-4 fusion-element-grid\"><div class=\"fusion-gallery-image fusion-gallery-image-liftup\"><a href=\"https:\/\/bbmed.it\/wp-content\/uploads\/2019\/11\/capra.jpg\" rel=\"noreferrer\" data-rel=\"iLightbox[gallery_image_1]\" class=\"fusion-lightbox\" target=\"_blank\"><div style=\"background-image:url(https:\/\/bbmed.it\/wp-content\/uploads\/2019\/11\/capra.jpg);padding-top:calc((100% + 10px) * 0.8 - 5px);background-position:;\" class=\"fusion-masonry-element-container\"><img decoding=\"async\" src=\"https:\/\/bbmed.it\/wp-content\/uploads\/2019\/11\/capra.jpg\" width=\"800\" height=\"694\" alt=\"\" title=\"capra\" aria-label=\"capra\" class=\"img-responsive wp-image-1510\" srcset=\"https:\/\/bbmed.it\/wp-content\/uploads\/2019\/11\/capra-200x174.jpg 200w, https:\/\/bbmed.it\/wp-content\/uploads\/2019\/11\/capra-400x347.jpg 400w, https:\/\/bbmed.it\/wp-content\/uploads\/2019\/11\/capra-600x521.jpg 600w, https:\/\/bbmed.it\/wp-content\/uploads\/2019\/11\/capra.jpg 800w\" sizes=\"(min-width: 2200px) 100vw, (min-width: 976px) 289px, (min-width: 864px) 385px, (min-width: 752px) 578px, (min-width: 640px) 752px, \" \/><\/div><\/a><\/div><\/div><\/div><\/div><div class=\"fusion-clearfix\"><\/div><\/div><\/div><\/div><\/div>\n","protected":false},"excerpt":{"rendered":"","protected":false},"author":1,"featured_media":0,"parent":0,"menu_order":0,"comment_status":"closed","ping_status":"closed","template":"","meta":{"footnotes":""},"class_list":["post-1488","page","type-page","status-publish","hentry"],"yoast_head":"<!-- This site is optimized with the Yoast SEO plugin v26.3 - https:\/\/yoast.com\/wordpress\/plugins\/seo\/ -->\n<title>Biodiversit\u00e0 - Biobanca del Mediterraneo<\/title>\n<meta name=\"robots\" content=\"index, follow, max-snippet:-1, max-image-preview:large, max-video-preview:-1\" \/>\n<link rel=\"canonical\" href=\"https:\/\/bbmed.it\/it\/biodiversita\/\" \/>\n<meta property=\"og:locale\" content=\"it_IT\" \/>\n<meta property=\"og:type\" content=\"article\" \/>\n<meta property=\"og:title\" content=\"Biodiversit\u00e0 - Biobanca del Mediterraneo\" \/>\n<meta property=\"og:url\" content=\"https:\/\/bbmed.it\/it\/biodiversita\/\" \/>\n<meta property=\"og:site_name\" content=\"Biobanca del Mediterraneo\" \/>\n<meta property=\"article:modified_time\" content=\"2021-04-26T15:53:09+00:00\" \/>\n<meta name=\"twitter:card\" content=\"summary_large_image\" \/>\n<meta name=\"twitter:label1\" content=\"Tempo di lettura stimato\" \/>\n\t<meta name=\"twitter:data1\" content=\"2 minuti\" \/>\n<script type=\"application\/ld+json\" class=\"yoast-schema-graph\">{\"@context\":\"https:\/\/schema.org\",\"@graph\":[{\"@type\":\"WebPage\",\"@id\":\"https:\/\/bbmed.it\/it\/biodiversita\/\",\"url\":\"https:\/\/bbmed.it\/it\/biodiversita\/\",\"name\":\"Biodiversit\u00e0 - Biobanca del Mediterraneo\",\"isPartOf\":{\"@id\":\"https:\/\/bbmed.it\/#website\"},\"datePublished\":\"2019-11-04T13:23:31+00:00\",\"dateModified\":\"2021-04-26T15:53:09+00:00\",\"breadcrumb\":{\"@id\":\"https:\/\/bbmed.it\/it\/biodiversita\/#breadcrumb\"},\"inLanguage\":\"it-IT\",\"potentialAction\":[{\"@type\":\"ReadAction\",\"target\":[\"https:\/\/bbmed.it\/it\/biodiversita\/\"]}]},{\"@type\":\"BreadcrumbList\",\"@id\":\"https:\/\/bbmed.it\/it\/biodiversita\/#breadcrumb\",\"itemListElement\":[{\"@type\":\"ListItem\",\"position\":1,\"name\":\"Home\",\"item\":\"https:\/\/bbmed.it\/it\/\"},{\"@type\":\"ListItem\",\"position\":2,\"name\":\"Biodiversit\u00e0\"}]},{\"@type\":\"WebSite\",\"@id\":\"https:\/\/bbmed.it\/#website\",\"url\":\"https:\/\/bbmed.it\/\",\"name\":\"Biobanca del Mediterraneo\",\"description\":\"OIE Collaboration Centre\",\"potentialAction\":[{\"@type\":\"SearchAction\",\"target\":{\"@type\":\"EntryPoint\",\"urlTemplate\":\"https:\/\/bbmed.it\/?s={search_term_string}\"},\"query-input\":{\"@type\":\"PropertyValueSpecification\",\"valueRequired\":true,\"valueName\":\"search_term_string\"}}],\"inLanguage\":\"it-IT\"}]}<\/script>\n<!-- \/ Yoast SEO plugin. -->","yoast_head_json":{"title":"Biodiversit\u00e0 - Biobanca del Mediterraneo","robots":{"index":"index","follow":"follow","max-snippet":"max-snippet:-1","max-image-preview":"max-image-preview:large","max-video-preview":"max-video-preview:-1"},"canonical":"https:\/\/bbmed.it\/it\/biodiversita\/","og_locale":"it_IT","og_type":"article","og_title":"Biodiversit\u00e0 - Biobanca del Mediterraneo","og_url":"https:\/\/bbmed.it\/it\/biodiversita\/","og_site_name":"Biobanca del Mediterraneo","article_modified_time":"2021-04-26T15:53:09+00:00","twitter_card":"summary_large_image","twitter_misc":{"Tempo di lettura stimato":"2 minuti"},"schema":{"@context":"https:\/\/schema.org","@graph":[{"@type":"WebPage","@id":"https:\/\/bbmed.it\/it\/biodiversita\/","url":"https:\/\/bbmed.it\/it\/biodiversita\/","name":"Biodiversit\u00e0 - Biobanca del Mediterraneo","isPartOf":{"@id":"https:\/\/bbmed.it\/#website"},"datePublished":"2019-11-04T13:23:31+00:00","dateModified":"2021-04-26T15:53:09+00:00","breadcrumb":{"@id":"https:\/\/bbmed.it\/it\/biodiversita\/#breadcrumb"},"inLanguage":"it-IT","potentialAction":[{"@type":"ReadAction","target":["https:\/\/bbmed.it\/it\/biodiversita\/"]}]},{"@type":"BreadcrumbList","@id":"https:\/\/bbmed.it\/it\/biodiversita\/#breadcrumb","itemListElement":[{"@type":"ListItem","position":1,"name":"Home","item":"https:\/\/bbmed.it\/it\/"},{"@type":"ListItem","position":2,"name":"Biodiversit\u00e0"}]},{"@type":"WebSite","@id":"https:\/\/bbmed.it\/#website","url":"https:\/\/bbmed.it\/","name":"Biobanca del Mediterraneo","description":"OIE Collaboration Centre","potentialAction":[{"@type":"SearchAction","target":{"@type":"EntryPoint","urlTemplate":"https:\/\/bbmed.it\/?s={search_term_string}"},"query-input":{"@type":"PropertyValueSpecification","valueRequired":true,"valueName":"search_term_string"}}],"inLanguage":"it-IT"}]}},"_links":{"self":[{"href":"https:\/\/bbmed.it\/it\/wp-json\/wp\/v2\/pages\/1488","targetHints":{"allow":["GET"]}}],"collection":[{"href":"https:\/\/bbmed.it\/it\/wp-json\/wp\/v2\/pages"}],"about":[{"href":"https:\/\/bbmed.it\/it\/wp-json\/wp\/v2\/types\/page"}],"author":[{"embeddable":true,"href":"https:\/\/bbmed.it\/it\/wp-json\/wp\/v2\/users\/1"}],"replies":[{"embeddable":true,"href":"https:\/\/bbmed.it\/it\/wp-json\/wp\/v2\/comments?post=1488"}],"version-history":[{"count":7,"href":"https:\/\/bbmed.it\/it\/wp-json\/wp\/v2\/pages\/1488\/revisions"}],"predecessor-version":[{"id":1732,"href":"https:\/\/bbmed.it\/it\/wp-json\/wp\/v2\/pages\/1488\/revisions\/1732"}],"wp:attachment":[{"href":"https:\/\/bbmed.it\/it\/wp-json\/wp\/v2\/media?parent=1488"}],"curies":[{"name":"wp","href":"https:\/\/api.w.org\/{rel}","templated":true}]}}