{"id":1769,"date":"2021-04-27T14:51:32","date_gmt":"2021-04-27T13:51:32","guid":{"rendered":"http:\/\/bbmed.it\/politica-qualita-2\/"},"modified":"2023-11-08T13:23:01","modified_gmt":"2023-11-08T12:23:01","slug":"politica-qualita-2","status":"publish","type":"page","link":"https:\/\/bbmed.it\/it\/politica-qualita-2\/","title":{"rendered":"Politica qualit\u00e0"},"content":{"rendered":"<div class=\"fusion-fullwidth fullwidth-box fusion-builder-row-1 nonhundred-percent-fullwidth non-hundred-percent-height-scrolling\" style=\"--awb-border-radius-top-left:0px;--awb-border-radius-top-right:0px;--awb-border-radius-bottom-right:0px;--awb-border-radius-bottom-left:0px;--awb-flex-wrap:wrap;\" ><div class=\"fusion-builder-row fusion-row\"><div class=\"fusion-layout-column fusion_builder_column fusion-builder-column-0 fusion_builder_column_1_1 1_1 fusion-one-full fusion-column-first fusion-column-last\" style=\"--awb-bg-size:cover;\"><div class=\"fusion-column-wrapper fusion-column-has-shadow fusion-flex-column-wrapper-legacy\"><div class=\"fusion-image-element fusion-image-align-right in-legacy-container\" style=\"text-align:right;--awb-max-width:45%;--awb-caption-title-font-family:var(--h2_typography-font-family);--awb-caption-title-font-weight:var(--h2_typography-font-weight);--awb-caption-title-font-style:var(--h2_typography-font-style);--awb-caption-title-size:var(--h2_typography-font-size);--awb-caption-title-transform:var(--h2_typography-text-transform);--awb-caption-title-line-height:var(--h2_typography-line-height);--awb-caption-title-letter-spacing:var(--h2_typography-letter-spacing);\"><span class=\" fusion-imageframe imageframe-none imageframe-1 hover-type-none\" style=\"border:10px solid #f6f6f6;margin-left:25px;float:right;\"><img decoding=\"async\" width=\"1200\" height=\"900\" title=\"Politica della qualit\u00e0\" src=\"http:\/\/bbmed.it\/wp-content\/uploads\/2018\/03\/Politica-della-qualit\u00e0-1200x900.jpg\" alt class=\"img-responsive wp-image-1446\" srcset=\"https:\/\/bbmed.it\/wp-content\/uploads\/2018\/03\/Politica-della-qualit\u00e0-200x150.jpg 200w, https:\/\/bbmed.it\/wp-content\/uploads\/2018\/03\/Politica-della-qualit\u00e0-400x300.jpg 400w, https:\/\/bbmed.it\/wp-content\/uploads\/2018\/03\/Politica-della-qualit\u00e0-600x450.jpg 600w, https:\/\/bbmed.it\/wp-content\/uploads\/2018\/03\/Politica-della-qualit\u00e0-800x600.jpg 800w, https:\/\/bbmed.it\/wp-content\/uploads\/2018\/03\/Politica-della-qualit\u00e0-1200x900.jpg 1200w, https:\/\/bbmed.it\/wp-content\/uploads\/2018\/03\/Politica-della-qualit\u00e0.jpg 2016w\" sizes=\"(max-width: 1024px) 100vw, 1200px\" \/><\/span><\/div><div class=\"fusion-text fusion-text-1\"><p><strong>Politica per la Qualit\u00e0<\/strong><\/p>\n<p>La politica della qualit\u00e0 della Biobanca del Mediterraneo \u201cBBM\u201d \u00e8 lo strumento per il conseguimento del processo di miglioramento aziendale, sia esso rivolto alla soddisfazione del cliente sia a quella degli operatori interni, dei fornitori e della propriet\u00e0. La sistematica attuazione di un Sistema di Gestione per la Qualit\u00e0, conforme ai requisiti della norma UNI EN ISO 9001:2015, ha l&#8217;intento di perseguire il miglioramento continuo dei nostri prodotti e del nostro servizio.<br \/>\nLa Direzione della BBM si impegna a definire, attuare e mantenere la Politica della Qualit\u00e0 nell\u2019erogazione dei servizi di:<br \/>\n\u2022 Conservazione del materiale biologico e gestione dei dati a esso associati, meglio definito come \u201cRisorsa biologica\u201d;<br \/>\n\u2022 Cessione delle \u201cRisorse biologiche\u201d<br \/>\n\u2022 Pronta disponibilit\u00e0 di un laboratorio biosicurezza livello 3 (BSL-3)<\/p>\n<p>I criteri di gestione delle \u201cRisorse biologiche\u201d della BBM  e le procedure di gestione del laboratorio biosicurezza livello 3 (BSL-3)  rispettano altres\u00ec le procedure di sistema e di prova conformi alla norma ISO\/IEC 17025 (Requisiti generali per la competenza dei laboratori di prova e di taratura).<br \/>\nGli obiettivi per il miglioramento continuo che di volta in volta sono stabiliti dalla BBM si traducono in impegni precisi da parte della Direzione, che stabilisce quanto segue:<\/p>\n<ul>\n<li>Adottare e mantenere un efficace Sistema di Gestione per la Qualit\u00e0 nei processi, nei prodotti, nei servizi in cui si opera, nel rispetto dei requisiti prescrittivi delle normative applicabili e cogenti;<\/li>\n<li>Assicurare la disponibilit\u00e0 delle risorse, delle informazioni e delle conoscenze necessarie per il funzionamento e il controllo dei processi, attraverso periodiche attivit\u00e0 di formazione e addestramento finalizzate a informare i dipendenti riguardo la rilevanza e l\u2019importanza delle proprie attivit\u00e0 e ai modi in cui esse contribuiscono al raggiungimento degli obiettivi definiti;<\/li>\n<li>Comprendere e rafforzare il rapporto con i clienti e le altre parti interessate, migliorando il loro grado di soddisfazione mediante prodotti e servizi in linea con le aspettative;<\/li>\n<li>Standardizzazione dei tempi di conservazione delle diverse \u201cRisorse biologiche\u201d e loro tracciabilit\u00e0;<\/li>\n<li>Selezionare e qualificare i fornitori dei prodotti e dei servizi che hanno un impatto sulla qualit\u00e0 finale dei processi e dei prodotti, coinvolgendoli per quanto di loro competenza, nel raggiungimento degli obiettivi aziendali;<\/li>\n<li>Identificare le innovazioni tecnologiche al fine di sviluppare nuovi servizi e processi in accordo con le aspettative della comunit\u00e0 scientifica;<\/li>\n<li>Redigere e mantenere costantemente aggiornato il catalogo online delle Risorse Biologiche, rendendo lo stesso di facile interrogazione e facilmente fruibile a tutte le parti interessate;<\/li>\n<li>Promuovere protocolli di intesa per il rispetto della originaria propriet\u00e0 intellettuale e disponibilit\u00e0 di utilizzo.<\/li>\n<li>Effettuare tutte le valutazioni sulla base di evidenze oggettive e nel rispetto delle norme e dei regolamenti in uso<\/li>\n<\/ul>\n<p>La Direzione assume formalmente l&#8217;impegno di condurre un sistematico e documentato riesame del sistema qualit\u00e0 per assicurare la continua adeguatezza ed efficacia dello stesso nel soddisfare i requisiti della norma di riferimento, gli obiettivi espressi nella politica aziendale per la qualit\u00e0, quelli definiti nelle politiche dei processi e quelli che di volta in volta, in occasione del riesame stesso saranno definiti. II riesame \u00e8 l&#8217;occasione istituzionale in cui saranno stabiliti i criteri di misura relativi a ciascun indicatore individuato e saranno rese disponibili le necessarie risorse e i mezzi pi\u00f9 opportuni e adeguati per permettere ai Responsabili dei Processi coinvolti di operare affinch\u00e9 possano essere raggiunti gli obiettivi identificati. La Direzione \u00e8 consapevole che il contributo di ogni collaboratore \u00e8 fondamentale per il raggiungimento degli obiettivi aziendali, e allo scopo ha attribuito precisi incarichi e responsabilit\u00e0. La Direzione si impegna a investire in formazione e addestramento, affinch\u00e9 si creino le condizioni pi\u00f9 adatte perch\u00e9 ogni collaboratore possa svolgere la propria attivit\u00e0 in modo autonomo e sia consapevole di quanto la sua attivit\u00e0 contribuisca e sia importante al fine del raggiungimento degli obiettivi per la qualit\u00e0.<\/p>\n<p><center><br \/>\nAll.7 Rev.3 del<strong>\u00a0<\/strong>06.04.2021 MdQ Sez. 5<\/center><\/p>\n<\/div><div class=\"fusion-clearfix\"><\/div><\/div><\/div><\/div><\/div>\n","protected":false},"excerpt":{"rendered":"","protected":false},"author":1,"featured_media":0,"parent":0,"menu_order":0,"comment_status":"closed","ping_status":"closed","template":"100-width.php","meta":{"footnotes":""},"class_list":["post-1769","page","type-page","status-publish","hentry"],"yoast_head":"<!-- This site is optimized with the Yoast SEO plugin v26.3 - https:\/\/yoast.com\/wordpress\/plugins\/seo\/ -->\n<title>Politica qualit\u00e0 - Biobanca del Mediterraneo<\/title>\n<meta name=\"robots\" content=\"index, follow, max-snippet:-1, max-image-preview:large, max-video-preview:-1\" \/>\n<link rel=\"canonical\" href=\"https:\/\/bbmed.it\/it\/politica-qualita-2\/\" \/>\n<meta property=\"og:locale\" content=\"it_IT\" \/>\n<meta property=\"og:type\" content=\"article\" \/>\n<meta property=\"og:title\" content=\"Politica qualit\u00e0 - Biobanca del Mediterraneo\" \/>\n<meta property=\"og:url\" content=\"https:\/\/bbmed.it\/it\/politica-qualita-2\/\" \/>\n<meta property=\"og:site_name\" content=\"Biobanca del Mediterraneo\" \/>\n<meta property=\"article:modified_time\" content=\"2023-11-08T12:23:01+00:00\" \/>\n<meta name=\"twitter:card\" content=\"summary_large_image\" \/>\n<meta name=\"twitter:label1\" content=\"Tempo di lettura stimato\" \/>\n\t<meta name=\"twitter:data1\" content=\"5 minuti\" \/>\n<script type=\"application\/ld+json\" class=\"yoast-schema-graph\">{\"@context\":\"https:\/\/schema.org\",\"@graph\":[{\"@type\":\"WebPage\",\"@id\":\"https:\/\/bbmed.it\/it\/politica-qualita-2\/\",\"url\":\"https:\/\/bbmed.it\/it\/politica-qualita-2\/\",\"name\":\"Politica qualit\u00e0 - Biobanca del Mediterraneo\",\"isPartOf\":{\"@id\":\"https:\/\/bbmed.it\/#website\"},\"datePublished\":\"2021-04-27T13:51:32+00:00\",\"dateModified\":\"2023-11-08T12:23:01+00:00\",\"breadcrumb\":{\"@id\":\"https:\/\/bbmed.it\/it\/politica-qualita-2\/#breadcrumb\"},\"inLanguage\":\"it-IT\",\"potentialAction\":[{\"@type\":\"ReadAction\",\"target\":[\"https:\/\/bbmed.it\/it\/politica-qualita-2\/\"]}]},{\"@type\":\"BreadcrumbList\",\"@id\":\"https:\/\/bbmed.it\/it\/politica-qualita-2\/#breadcrumb\",\"itemListElement\":[{\"@type\":\"ListItem\",\"position\":1,\"name\":\"Home\",\"item\":\"https:\/\/bbmed.it\/it\/\"},{\"@type\":\"ListItem\",\"position\":2,\"name\":\"Politica qualit\u00e0\"}]},{\"@type\":\"WebSite\",\"@id\":\"https:\/\/bbmed.it\/#website\",\"url\":\"https:\/\/bbmed.it\/\",\"name\":\"Biobanca del Mediterraneo\",\"description\":\"OIE Collaboration Centre\",\"potentialAction\":[{\"@type\":\"SearchAction\",\"target\":{\"@type\":\"EntryPoint\",\"urlTemplate\":\"https:\/\/bbmed.it\/?s={search_term_string}\"},\"query-input\":{\"@type\":\"PropertyValueSpecification\",\"valueRequired\":true,\"valueName\":\"search_term_string\"}}],\"inLanguage\":\"it-IT\"}]}<\/script>\n<!-- \/ Yoast SEO plugin. -->","yoast_head_json":{"title":"Politica qualit\u00e0 - Biobanca del Mediterraneo","robots":{"index":"index","follow":"follow","max-snippet":"max-snippet:-1","max-image-preview":"max-image-preview:large","max-video-preview":"max-video-preview:-1"},"canonical":"https:\/\/bbmed.it\/it\/politica-qualita-2\/","og_locale":"it_IT","og_type":"article","og_title":"Politica qualit\u00e0 - Biobanca del Mediterraneo","og_url":"https:\/\/bbmed.it\/it\/politica-qualita-2\/","og_site_name":"Biobanca del Mediterraneo","article_modified_time":"2023-11-08T12:23:01+00:00","twitter_card":"summary_large_image","twitter_misc":{"Tempo di lettura stimato":"5 minuti"},"schema":{"@context":"https:\/\/schema.org","@graph":[{"@type":"WebPage","@id":"https:\/\/bbmed.it\/it\/politica-qualita-2\/","url":"https:\/\/bbmed.it\/it\/politica-qualita-2\/","name":"Politica qualit\u00e0 - Biobanca del Mediterraneo","isPartOf":{"@id":"https:\/\/bbmed.it\/#website"},"datePublished":"2021-04-27T13:51:32+00:00","dateModified":"2023-11-08T12:23:01+00:00","breadcrumb":{"@id":"https:\/\/bbmed.it\/it\/politica-qualita-2\/#breadcrumb"},"inLanguage":"it-IT","potentialAction":[{"@type":"ReadAction","target":["https:\/\/bbmed.it\/it\/politica-qualita-2\/"]}]},{"@type":"BreadcrumbList","@id":"https:\/\/bbmed.it\/it\/politica-qualita-2\/#breadcrumb","itemListElement":[{"@type":"ListItem","position":1,"name":"Home","item":"https:\/\/bbmed.it\/it\/"},{"@type":"ListItem","position":2,"name":"Politica qualit\u00e0"}]},{"@type":"WebSite","@id":"https:\/\/bbmed.it\/#website","url":"https:\/\/bbmed.it\/","name":"Biobanca del Mediterraneo","description":"OIE Collaboration Centre","potentialAction":[{"@type":"SearchAction","target":{"@type":"EntryPoint","urlTemplate":"https:\/\/bbmed.it\/?s={search_term_string}"},"query-input":{"@type":"PropertyValueSpecification","valueRequired":true,"valueName":"search_term_string"}}],"inLanguage":"it-IT"}]}},"_links":{"self":[{"href":"https:\/\/bbmed.it\/it\/wp-json\/wp\/v2\/pages\/1769","targetHints":{"allow":["GET"]}}],"collection":[{"href":"https:\/\/bbmed.it\/it\/wp-json\/wp\/v2\/pages"}],"about":[{"href":"https:\/\/bbmed.it\/it\/wp-json\/wp\/v2\/types\/page"}],"author":[{"embeddable":true,"href":"https:\/\/bbmed.it\/it\/wp-json\/wp\/v2\/users\/1"}],"replies":[{"embeddable":true,"href":"https:\/\/bbmed.it\/it\/wp-json\/wp\/v2\/comments?post=1769"}],"version-history":[{"count":10,"href":"https:\/\/bbmed.it\/it\/wp-json\/wp\/v2\/pages\/1769\/revisions"}],"predecessor-version":[{"id":1824,"href":"https:\/\/bbmed.it\/it\/wp-json\/wp\/v2\/pages\/1769\/revisions\/1824"}],"wp:attachment":[{"href":"https:\/\/bbmed.it\/it\/wp-json\/wp\/v2\/media?parent=1769"}],"curies":[{"name":"wp","href":"https:\/\/api.w.org\/{rel}","templated":true}]}}